{"id":114,"date":"2025-05-24T10:16:16","date_gmt":"2025-05-24T10:16:16","guid":{"rendered":"https:\/\/altaalcarria.com\/shop\/?post_type=product&#038;p=114"},"modified":"2026-04-08T12:03:20","modified_gmt":"2026-04-08T12:03:20","slug":"hoya-del-infantado-ecologico-virgen-extra-5-l","status":"publish","type":"product","link":"https:\/\/altaalcarria.com\/shop\/index.php\/producto\/hoya-del-infantado-ecologico-virgen-extra-5-l\/","title":{"rendered":"HOYA DEL INFANTADO ECOL\u00d3GICO VIRGEN EXTRA, TRES GARRAFAS DE 5 L."},"content":{"rendered":"<p>El aceite de oliva virgen extra ECOL\u00d3GICO HOYA DEL INFANTADO\u00a0proviene de olivares alcarre\u00f1os, de la variedad Verdeja o Castellana y es obtenido directamente de aceitunas seleccionadas que proceden de agricultura ecol\u00f3gica.<\/p>\n<p>Son escasos, pero exquisitos, aceites v\u00edrgenes, de color verde-lim\u00f3n, muy frutados, rotundos en su olor a hoja, en los que se entremezcla sabores frescos, avellana o pl\u00e1tano, picante en boca a veces, con un sello caracter\u00edstico de esta variedad.<\/p>\n<p>Se comercializa en garrafas de 5 L. agrupadas en caja de tres unidades con un total de 15 L.<\/p>\n<p><img loading=\"lazy\" decoding=\"async\" class=\"alignnone size-full wp-image-120 alignleft\" src=\"https:\/\/altaalcarria.com\/shop\/wp-content\/uploads\/2025\/05\/LOGO-AGRICULTURA-ECOLOGICA-EU.jpg\" alt=\"\" width=\"154\" height=\"103\" \/> \u00a0\u00a0\u00a0 <img loading=\"lazy\" decoding=\"async\" class=\"alignnone size-medium wp-image-119 alignleft\" src=\"https:\/\/altaalcarria.com\/shop\/wp-content\/uploads\/2025\/05\/denominacion-300x152.jpg\" alt=\"\" width=\"300\" height=\"152\" srcset=\"https:\/\/altaalcarria.com\/shop\/wp-content\/uploads\/2025\/05\/denominacion-300x152.jpg 300w, https:\/\/altaalcarria.com\/shop\/wp-content\/uploads\/2025\/05\/denominacion-600x305.jpg 600w, https:\/\/altaalcarria.com\/shop\/wp-content\/uploads\/2025\/05\/denominacion.jpg 630w\" sizes=\"auto, (max-width: 300px) 100vw, 300px\" \/> \u00a0\u00a0 <img loading=\"lazy\" decoding=\"async\" class=\"alignnone wp-image-118 alignleft\" src=\"https:\/\/altaalcarria.com\/shop\/wp-content\/uploads\/2025\/05\/LOGO-AGRICULTURA-ECOLOGICA-300x244.jpg\" alt=\"\" width=\"141\" height=\"115\" srcset=\"https:\/\/altaalcarria.com\/shop\/wp-content\/uploads\/2025\/05\/LOGO-AGRICULTURA-ECOLOGICA-300x244.jpg 300w, https:\/\/altaalcarria.com\/shop\/wp-content\/uploads\/2025\/05\/LOGO-AGRICULTURA-ECOLOGICA-1024x834.jpg 1024w, https:\/\/altaalcarria.com\/shop\/wp-content\/uploads\/2025\/05\/LOGO-AGRICULTURA-ECOLOGICA-768x626.jpg 768w, https:\/\/altaalcarria.com\/shop\/wp-content\/uploads\/2025\/05\/LOGO-AGRICULTURA-ECOLOGICA-600x489.jpg 600w, https:\/\/altaalcarria.com\/shop\/wp-content\/uploads\/2025\/05\/LOGO-AGRICULTURA-ECOLOGICA.jpg 1031w\" sizes=\"auto, (max-width: 141px) 100vw, 141px\" \/><\/p>\n","protected":false},"excerpt":{"rendered":"<p>El precio es para una caja con tres garrafas de 5 L.<\/p>\n","protected":false},"featured_media":180,"comment_status":"open","ping_status":"closed","template":"","meta":{"site-sidebar-layout":"default","site-content-layout":"","ast-site-content-layout":"default","site-content-style":"default","site-sidebar-style":"default","ast-global-header-display":"","ast-banner-title-visibility":"","ast-main-header-display":"","ast-hfb-above-header-display":"","ast-hfb-below-header-display":"","ast-hfb-mobile-header-display":"","site-post-title":"","ast-breadcrumbs-content":"","ast-featured-img":"","footer-sml-layout":"","ast-disable-related-posts":"","theme-transparent-header-meta":"default","adv-header-id-meta":"","stick-header-meta":"","header-above-stick-meta":"","header-main-stick-meta":"","header-below-stick-meta":"","astra-migrate-meta-layouts":"set","ast-page-background-enabled":"default","ast-page-background-meta":{"desktop":{"background-color":"var(--ast-global-color-5)","background-image":"","background-repeat":"repeat","background-position":"center center","background-size":"auto","background-attachment":"scroll","background-type":"","background-media":"","overlay-type":"","overlay-color":"","overlay-opacity":"","overlay-gradient":""},"tablet":{"background-color":"","background-image":"","background-repeat":"repeat","background-position":"center center","background-size":"auto","background-attachment":"scroll","background-type":"","background-media":"","overlay-type":"","overlay-color":"","overlay-opacity":"","overlay-gradient":""},"mobile":{"background-color":"","background-image":"","background-repeat":"repeat","background-position":"center center","background-size":"auto","background-attachment":"scroll","background-type":"","background-media":"","overlay-type":"","overlay-color":"","overlay-opacity":"","overlay-gradient":""}},"ast-content-background-meta":{"desktop":{"background-color":"var(--ast-global-color-4)","background-image":"","background-repeat":"repeat","background-position":"center center","background-size":"auto","background-attachment":"scroll","background-type":"","background-media":"","overlay-type":"","overlay-color":"","overlay-opacity":"","overlay-gradient":""},"tablet":{"background-color":"var(--ast-global-color-4)","background-image":"","background-repeat":"repeat","background-position":"center center","background-size":"auto","background-attachment":"scroll","background-type":"","background-media":"","overlay-type":"","overlay-color":"","overlay-opacity":"","overlay-gradient":""},"mobile":{"background-color":"var(--ast-global-color-4)","background-image":"","background-repeat":"repeat","background-position":"center center","background-size":"auto","background-attachment":"scroll","background-type":"","background-media":"","overlay-type":"","overlay-color":"","overlay-opacity":"","overlay-gradient":""}}},"product_brand":[],"product_cat":[28],"product_tag":[29],"class_list":{"0":"post-114","1":"product","2":"type-product","3":"status-publish","4":"has-post-thumbnail","6":"product_cat-virgen-extra-ecologico","7":"product_tag-ecologico","8":"desktop-align-left","9":"tablet-align-left","10":"mobile-align-left","11":"ast-product-gallery-layout-horizontal-slider","12":"ast-product-gallery-with-no-image","13":"ast-product-tabs-layout-horizontal","15":"first","16":"instock","17":"shipping-taxable","18":"purchasable","19":"product-type-simple"},"jetpack_sharing_enabled":true,"_links":{"self":[{"href":"https:\/\/altaalcarria.com\/shop\/index.php\/wp-json\/wp\/v2\/product\/114","targetHints":{"allow":["GET"]}}],"collection":[{"href":"https:\/\/altaalcarria.com\/shop\/index.php\/wp-json\/wp\/v2\/product"}],"about":[{"href":"https:\/\/altaalcarria.com\/shop\/index.php\/wp-json\/wp\/v2\/types\/product"}],"replies":[{"embeddable":true,"href":"https:\/\/altaalcarria.com\/shop\/index.php\/wp-json\/wp\/v2\/comments?post=114"}],"wp:featuredmedia":[{"embeddable":true,"href":"https:\/\/altaalcarria.com\/shop\/index.php\/wp-json\/wp\/v2\/media\/180"}],"wp:attachment":[{"href":"https:\/\/altaalcarria.com\/shop\/index.php\/wp-json\/wp\/v2\/media?parent=114"}],"wp:term":[{"taxonomy":"product_brand","embeddable":true,"href":"https:\/\/altaalcarria.com\/shop\/index.php\/wp-json\/wp\/v2\/product_brand?post=114"},{"taxonomy":"product_cat","embeddable":true,"href":"https:\/\/altaalcarria.com\/shop\/index.php\/wp-json\/wp\/v2\/product_cat?post=114"},{"taxonomy":"product_tag","embeddable":true,"href":"https:\/\/altaalcarria.com\/shop\/index.php\/wp-json\/wp\/v2\/product_tag?post=114"}],"curies":[{"name":"wp","href":"https:\/\/api.w.org\/{rel}","templated":true}]}}