{"id":83,"date":"2025-05-24T08:56:29","date_gmt":"2025-05-24T08:56:29","guid":{"rendered":"https:\/\/altaalcarria.com\/shop\/?page_id=83"},"modified":"2025-11-24T17:58:03","modified_gmt":"2025-11-24T17:58:03","slug":"inicio","status":"publish","type":"page","link":"https:\/\/altaalcarria.com\/shop\/","title":{"rendered":"Inicio"},"content":{"rendered":"\n<div class=\"wp-block-group alignfull is-layout-constrained wp-container-core-group-is-layout-45b0ac4f wp-block-group-is-layout-constrained\" id=\"services\" style=\"padding-top:144px;padding-bottom:0px\">\n<h2 class=\"wp-block-heading\">Nuestros productos<\/h2>\n\n\n\n<div class=\"wp-block-columns is-layout-flex wp-container-core-columns-is-layout-60cbf9bb wp-block-columns-is-layout-flex\" style=\"margin-top:50px\">\n<div class=\"wp-block-column is-layout-flow wp-container-core-column-is-layout-6b73ce23 wp-block-column-is-layout-flow\">\n<figure class=\"wp-block-image aligncenter size-full is-resized\"><a href=\"https:\/\/altaalcarria.com\/shop\/wp-content\/uploads\/2025\/05\/Valdeolivas-p.jpg\"><img loading=\"lazy\" decoding=\"async\" width=\"800\" height=\"1200\" src=\"https:\/\/altaalcarria.com\/shop\/wp-content\/uploads\/2025\/05\/Valdeolivas-p.jpg\" alt=\"\" class=\"wp-image-105\" style=\"width:200px;height:auto\" srcset=\"https:\/\/altaalcarria.com\/shop\/wp-content\/uploads\/2025\/05\/Valdeolivas-p.jpg 800w, https:\/\/altaalcarria.com\/shop\/wp-content\/uploads\/2025\/05\/Valdeolivas-p-200x300.jpg 200w, https:\/\/altaalcarria.com\/shop\/wp-content\/uploads\/2025\/05\/Valdeolivas-p-683x1024.jpg 683w, https:\/\/altaalcarria.com\/shop\/wp-content\/uploads\/2025\/05\/Valdeolivas-p-768x1152.jpg 768w, https:\/\/altaalcarria.com\/shop\/wp-content\/uploads\/2025\/05\/Valdeolivas-p-300x450.jpg 300w, https:\/\/altaalcarria.com\/shop\/wp-content\/uploads\/2025\/05\/Valdeolivas-p-600x900.jpg 600w\" sizes=\"auto, (max-width: 800px) 100vw, 800px\" \/><\/a><\/figure>\n\n\n\n<h3 class=\"wp-block-heading\" style=\"margin-top:16px\"><a href=\"https:\/\/altaalcarria.com\/shop\/index.php\/producto\/valdeolivas-d-o-virgen-extra-cinco-latas-de-3-l-cu\/\" data-type=\"page\" data-id=\"24\">Valdeolivas<\/a><\/h3>\n\n\n\n<p>Aceite de oliva virgen extra con Denominaci\u00f3n de Origen La Alcarria<\/p>\n<\/div>\n\n\n\n<div class=\"wp-block-column is-layout-flow wp-container-core-column-is-layout-6b73ce23 wp-block-column-is-layout-flow\">\n<figure class=\"wp-block-image aligncenter size-full is-resized\"><img loading=\"lazy\" decoding=\"async\" width=\"791\" height=\"1000\" src=\"https:\/\/altaalcarria.com\/shop\/wp-content\/uploads\/2025\/05\/ESTUCHE-INFANTADO.png\" alt=\"\" class=\"wp-image-100\" style=\"width:233px;height:auto\" srcset=\"https:\/\/altaalcarria.com\/shop\/wp-content\/uploads\/2025\/05\/ESTUCHE-INFANTADO.png 791w, https:\/\/altaalcarria.com\/shop\/wp-content\/uploads\/2025\/05\/ESTUCHE-INFANTADO-237x300.png 237w, https:\/\/altaalcarria.com\/shop\/wp-content\/uploads\/2025\/05\/ESTUCHE-INFANTADO-768x971.png 768w, https:\/\/altaalcarria.com\/shop\/wp-content\/uploads\/2025\/05\/ESTUCHE-INFANTADO-300x379.png 300w, https:\/\/altaalcarria.com\/shop\/wp-content\/uploads\/2025\/05\/ESTUCHE-INFANTADO-600x759.png 600w\" sizes=\"auto, (max-width: 791px) 100vw, 791px\" \/><\/figure>\n\n\n\n<h3 class=\"wp-block-heading\" style=\"margin-top:16px\"><a href=\"https:\/\/altaalcarria.com\/shop\/index.php\/producto\/hoya-del-infantado-ecologico-virgen-extra-75-cl\/\" data-type=\"link\" data-id=\"https:\/\/altaalcarria.com\/shop\/index.php\/producto\/hoya-del-infantado-ecologico-virgen-extra-75-cl\/\">Hoya del Infantado<\/a><\/h3>\n\n\n\n<p>Aceite de oliva virgen extra procedente de agricultura ecol\u00f3gica<\/p>\n<\/div>\n\n\n\n<div class=\"wp-block-column is-layout-flow wp-container-core-column-is-layout-6b73ce23 wp-block-column-is-layout-flow\">\n<figure class=\"wp-block-image aligncenter size-full is-resized\"><img loading=\"lazy\" decoding=\"async\" width=\"1384\" height=\"2557\" src=\"https:\/\/altaalcarria.com\/shop\/wp-content\/uploads\/2025\/05\/pantocrator-virgen-5l.png\" alt=\"\" class=\"wp-image-202\" style=\"width:164px;height:auto\" srcset=\"https:\/\/altaalcarria.com\/shop\/wp-content\/uploads\/2025\/05\/pantocrator-virgen-5l.png 1384w, https:\/\/altaalcarria.com\/shop\/wp-content\/uploads\/2025\/05\/pantocrator-virgen-5l-162x300.png 162w, https:\/\/altaalcarria.com\/shop\/wp-content\/uploads\/2025\/05\/pantocrator-virgen-5l-554x1024.png 554w, https:\/\/altaalcarria.com\/shop\/wp-content\/uploads\/2025\/05\/pantocrator-virgen-5l-768x1419.png 768w, https:\/\/altaalcarria.com\/shop\/wp-content\/uploads\/2025\/05\/pantocrator-virgen-5l-831x1536.png 831w, https:\/\/altaalcarria.com\/shop\/wp-content\/uploads\/2025\/05\/pantocrator-virgen-5l-1108x2048.png 1108w, https:\/\/altaalcarria.com\/shop\/wp-content\/uploads\/2025\/05\/pantocrator-virgen-5l-300x554.png 300w, https:\/\/altaalcarria.com\/shop\/wp-content\/uploads\/2025\/05\/pantocrator-virgen-5l-600x1109.png 600w\" sizes=\"auto, (max-width: 1384px) 100vw, 1384px\" \/><\/figure>\n\n\n\n<h3 class=\"wp-block-heading\" style=\"margin-top:16px\"><a href=\"https:\/\/altaalcarria.com\/shop\/index.php\/producto\/hoya-del-infantado-ecologico-virgen-extra-75-cl\/\" data-type=\"link\" data-id=\"https:\/\/altaalcarria.com\/shop\/index.php\/producto\/hoya-del-infantado-ecologico-virgen-extra-75-cl\/\">Pantocrator<\/a><\/h3>\n\n\n\n<p>Aceite de oliva virgen suave, recomendado para cocinar<\/p>\n<\/div>\n<\/div>\n<\/div>\n\n\n\n<div class=\"wp-block-group alignfull has-ast-global-color-5-background-color has-background is-layout-constrained wp-container-core-group-is-layout-94d206d0 wp-block-group-is-layout-constrained\" id=\"about\" style=\"padding-top:143px;padding-bottom:144px\">\n<div class=\"wp-block-media-text has-media-on-the-right is-stacked-on-mobile is-vertically-aligned-center\" style=\"grid-template-columns:auto 42%\"><div class=\"wp-block-media-text__content\">\n<div class=\"inherit-container-width wp-block-group is-layout-constrained wp-container-core-group-is-layout-47ce07ec wp-block-group-is-layout-constrained\" style=\"padding-right:80px\">\n<h2 class=\"wp-block-heading\" style=\"padding-right:40px\">Comercio local <\/h2>\n\n\n\n<p><strong>Valdeolivas<\/strong> es un municipio y localidad espa\u00f1ola de la provincia de Cuenca, en la comunidad aut\u00f3noma de Castilla-La Mancha. El t\u00e9rmino municipal, ubicado en la comarca de La Alcarria, tiene una poblaci\u00f3n de 202 habitantes<\/p>\n\n\n\n<p>A mediados del siglo&nbsp;XIX, el lugar contaba con una poblaci\u00f3n censada de 1319 habitantes.<\/p>\n\n\n\n<p>Al comprar nuestro aceite ayudas a fijar  poblaci\u00f3n en zonas despobladas, promoviendo la sostenibilidad. Esto implica reconocer la importancia de la cultura, el medio ambiente, y la econom\u00eda rural, soluciones como nuestra cooperativa permite a las comunidades rurales prosperar y fijar poblaci\u00f3n.&nbsp;<br><br><br><\/p>\n<\/div>\n<\/div><figure class=\"wp-block-media-text__media\"><img loading=\"lazy\" decoding=\"async\" width=\"835\" height=\"1024\" src=\"https:\/\/altaalcarria.com\/shop\/wp-content\/uploads\/2025\/05\/altalcarria-17-835x1024.jpg\" alt=\"\" class=\"wp-image-172 size-full\" srcset=\"https:\/\/altaalcarria.com\/shop\/wp-content\/uploads\/2025\/05\/altalcarria-17-835x1024.jpg 835w, https:\/\/altaalcarria.com\/shop\/wp-content\/uploads\/2025\/05\/altalcarria-17-245x300.jpg 245w, https:\/\/altaalcarria.com\/shop\/wp-content\/uploads\/2025\/05\/altalcarria-17-768x941.jpg 768w, https:\/\/altaalcarria.com\/shop\/wp-content\/uploads\/2025\/05\/altalcarria-17-300x368.jpg 300w, https:\/\/altaalcarria.com\/shop\/wp-content\/uploads\/2025\/05\/altalcarria-17-600x735.jpg 600w, https:\/\/altaalcarria.com\/shop\/wp-content\/uploads\/2025\/05\/altalcarria-17.jpg 979w\" sizes=\"auto, (max-width: 835px) 100vw, 835px\" \/><\/figure><\/div>\n<\/div>\n\n\n\n<div class=\"wp-block-group alignfull has-ast-global-color-5-background-color has-background is-layout-constrained wp-container-core-group-is-layout-9cedb757 wp-block-group-is-layout-constrained\" style=\"padding-bottom:0px\">\n<div class=\"wp-block-columns are-vertically-aligned-top is-layout-flex wp-container-core-columns-is-layout-00723822 wp-block-columns-is-layout-flex\">\n<div class=\"wp-block-column is-vertically-aligned-top is-layout-flow wp-container-core-column-is-layout-6b73ce23 wp-block-column-is-layout-flow\">\n<h3 class=\"wp-block-heading has-text-align-left\" style=\"margin-top:16px\">Productores locales<\/h3>\n\n\n\n<p class=\"has-text-align-left\">El aceite vendido procede exclusivamente de los olivares de nuestros socios<\/p>\n<\/div>\n\n\n\n<div class=\"wp-block-column is-vertically-aligned-top is-layout-flow wp-container-core-column-is-layout-6b73ce23 wp-block-column-is-layout-flow\">\n<h3 class=\"wp-block-heading has-text-align-left\" style=\"margin-top:16px\">Huella de carbono<\/h3>\n\n\n\n<p class=\"has-text-align-left\">Comercio sostenible. Agrupamos lotes para optimizar el transporte<\/p>\n<\/div>\n\n\n\n<div class=\"wp-block-column is-vertically-aligned-top is-layout-flow wp-container-core-column-is-layout-6b73ce23 wp-block-column-is-layout-flow\">\n<h3 class=\"wp-block-heading has-text-align-left\" style=\"margin-top:16px\">Desarrollo sostenible <\/h3>\n\n\n\n<p class=\"has-text-align-left\">Colaboramos al desarrollo rural, y contrarrestamos la despoblaci\u00f3n<\/p>\n<\/div>\n\n\n\n<div class=\"wp-block-column is-vertically-aligned-top is-layout-flow wp-container-core-column-is-layout-6b73ce23 wp-block-column-is-layout-flow\">\n<h3 class=\"wp-block-heading has-text-align-left\" style=\"margin-top:16px\">Salud<\/h3>\n\n\n\n<p class=\"has-text-align-left\">El aceite de oliva es un producto saludable, recomendado por la OMS<\/p>\n<\/div>\n<\/div>\n<\/div>\n\n\n\n<div class=\"wp-block-group alignfull has-ast-global-color-4-background-color has-background is-layout-constrained wp-container-core-group-is-layout-6a2cfb7b wp-block-group-is-layout-constrained\" id=\"reviews\">\n<figure class=\"wp-block-image aligncenter size-full is-resized is-style-rounded wp-duotone-unset-1\"><img loading=\"lazy\" decoding=\"async\" width=\"1024\" height=\"1024\" src=\"https:\/\/altaalcarria.com\/shop\/wp-content\/uploads\/2025\/11\/Carlos-de-la-Sierra-Globalcaja-scaled-1024x1024-1.jpg\" alt=\"\" class=\"wp-image-301\" style=\"width:124px;height:auto\" srcset=\"https:\/\/altaalcarria.com\/shop\/wp-content\/uploads\/2025\/11\/Carlos-de-la-Sierra-Globalcaja-scaled-1024x1024-1.jpg 1024w, https:\/\/altaalcarria.com\/shop\/wp-content\/uploads\/2025\/11\/Carlos-de-la-Sierra-Globalcaja-scaled-1024x1024-1-300x300.jpg 300w, https:\/\/altaalcarria.com\/shop\/wp-content\/uploads\/2025\/11\/Carlos-de-la-Sierra-Globalcaja-scaled-1024x1024-1-150x150.jpg 150w, https:\/\/altaalcarria.com\/shop\/wp-content\/uploads\/2025\/11\/Carlos-de-la-Sierra-Globalcaja-scaled-1024x1024-1-768x768.jpg 768w, https:\/\/altaalcarria.com\/shop\/wp-content\/uploads\/2025\/11\/Carlos-de-la-Sierra-Globalcaja-scaled-1024x1024-1-600x600.jpg 600w, https:\/\/altaalcarria.com\/shop\/wp-content\/uploads\/2025\/11\/Carlos-de-la-Sierra-Globalcaja-scaled-1024x1024-1-100x100.jpg 100w\" sizes=\"auto, (max-width: 1024px) 100vw, 1024px\" \/><\/figure>\n\n\n\n<p class=\"has-text-align-center\" style=\"font-size:22px;line-height:1.6\">La Cooperativa Alta Alcarria, fundada en 1982, ha crecido de un peque\u00f1o grupo de socios a cerca de 800 miembros, abarcando 22 pueblos de la Alcarria. Nos especializamos en la producci\u00f3n de aceite de oliva virgen extra, utilizando tecnolog\u00eda de vanguardia para garantizar la m\u00e1s alta calidad y frescura, transformando miles de toneladas de aceitunas en un producto excepcional para nuestros clientes.<\/p>\n\n\n\n<p class=\"has-text-align-center\"><strong>Presidente de la Cooperativa<\/strong><\/p>\n<\/div>\n\n\n\n<div class=\"wp-block-group alignfull has-ast-global-color-5-background-color has-background is-layout-constrained wp-container-core-group-is-layout-3fee123f wp-block-group-is-layout-constrained\" id=\"whyus\" style=\"padding-top:144px;padding-bottom:144px\">\n<h2 class=\"wp-block-heading\">Por qu\u00e9 comprar nuestro aceite<\/h2>\n\n\n\n<div class=\"wp-block-columns is-layout-flex wp-container-core-columns-is-layout-29aadeec wp-block-columns-is-layout-flex\" style=\"margin-top:60px\">\n<div class=\"wp-block-column is-layout-flow wp-container-core-column-is-layout-6b73ce23 wp-block-column-is-layout-flow\">\n<h3 class=\"wp-block-heading\" style=\"margin-top:16px\">Calidad<\/h3>\n\n\n\n<p>Su calidad, sabor y aroma se debe a  la aceituna Castellana, la proximidad de los olivares y los mejores procesos de extracci\u00f3n en nuestra cooperativa<\/p>\n<\/div>\n\n\n\n<div class=\"wp-block-column is-layout-flow wp-container-core-column-is-layout-6b73ce23 wp-block-column-is-layout-flow\">\n<h3 class=\"wp-block-heading\" style=\"margin-top:16px\">Precio <\/h3>\n\n\n\n<p>Pagamos el mejor precio a nuestro agricultores por la aceituna, sin intermediarios ni especulaci\u00f3n, ofreciendo el aceite directamente del productor al consumidor<\/p>\n<\/div>\n\n\n\n<div class=\"wp-block-column is-layout-flow wp-container-core-column-is-layout-6b73ce23 wp-block-column-is-layout-flow\">\n<h3 class=\"wp-block-heading\" style=\"margin-top:16px\">Sostenibilidad<\/h3>\n\n\n\n<p>La agricultura de nuestra comarca es sostenible, respetuosa con el medioambiente, rentable y social, dando relevo generacional y desarrollo local<\/p>\n<\/div>\n<\/div>\n<\/div>\n\n\n\n<p><\/p>\n","protected":false},"excerpt":{"rendered":"<p>Nuestros productos Valdeolivas Aceite de oliva virgen extra con Denominaci\u00f3n de Origen La Alcarria Hoya del Infantado Aceite de oliva [&hellip;]<\/p>\n","protected":false},"author":1,"featured_media":0,"parent":0,"menu_order":0,"comment_status":"closed","ping_status":"closed","template":"","meta":{"site-sidebar-layout":"no-sidebar","site-content-layout":"plain-container","ast-site-content-layout":"","site-content-style":"default","site-sidebar-style":"default","ast-global-header-display":"","ast-banner-title-visibility":"","ast-main-header-display":"","ast-hfb-above-header-display":"","ast-hfb-below-header-display":"","ast-hfb-mobile-header-display":"","site-post-title":"disabled","ast-breadcrumbs-content":"","ast-featured-img":"","footer-sml-layout":"","ast-disable-related-posts":"","theme-transparent-header-meta":"enabled","adv-header-id-meta":"","stick-header-meta":"","header-above-stick-meta":"","header-main-stick-meta":"","header-below-stick-meta":"","astra-migrate-meta-layouts":"default","ast-page-background-enabled":"default","ast-page-background-meta":{"desktop":{"background-color":"var(--ast-global-color-5)","background-image":"","background-repeat":"repeat","background-position":"center center","background-size":"auto","background-attachment":"scroll","background-type":"","background-media":"","overlay-type":"","overlay-color":"","overlay-opacity":"","overlay-gradient":""},"tablet":{"background-color":"","background-image":"","background-repeat":"repeat","background-position":"center center","background-size":"auto","background-attachment":"scroll","background-type":"","background-media":"","overlay-type":"","overlay-color":"","overlay-opacity":"","overlay-gradient":""},"mobile":{"background-color":"","background-image":"","background-repeat":"repeat","background-position":"center center","background-size":"auto","background-attachment":"scroll","background-type":"","background-media":"","overlay-type":"","overlay-color":"","overlay-opacity":"","overlay-gradient":""}},"ast-content-background-meta":{"desktop":{"background-color":"var(--ast-global-color-4)","background-image":"","background-repeat":"repeat","background-position":"center center","background-size":"auto","background-attachment":"scroll","background-type":"","background-media":"","overlay-type":"","overlay-color":"","overlay-opacity":"","overlay-gradient":""},"tablet":{"background-color":"var(--ast-global-color-4)","background-image":"","background-repeat":"repeat","background-position":"center center","background-size":"auto","background-attachment":"scroll","background-type":"","background-media":"","overlay-type":"","overlay-color":"","overlay-opacity":"","overlay-gradient":""},"mobile":{"background-color":"var(--ast-global-color-4)","background-image":"","background-repeat":"repeat","background-position":"center center","background-size":"auto","background-attachment":"scroll","background-type":"","background-media":"","overlay-type":"","overlay-color":"","overlay-opacity":"","overlay-gradient":""}},"footnotes":""},"class_list":["post-83","page","type-page","status-publish","hentry"],"jetpack_sharing_enabled":true,"_links":{"self":[{"href":"https:\/\/altaalcarria.com\/shop\/index.php\/wp-json\/wp\/v2\/pages\/83","targetHints":{"allow":["GET"]}}],"collection":[{"href":"https:\/\/altaalcarria.com\/shop\/index.php\/wp-json\/wp\/v2\/pages"}],"about":[{"href":"https:\/\/altaalcarria.com\/shop\/index.php\/wp-json\/wp\/v2\/types\/page"}],"author":[{"embeddable":true,"href":"https:\/\/altaalcarria.com\/shop\/index.php\/wp-json\/wp\/v2\/users\/1"}],"replies":[{"embeddable":true,"href":"https:\/\/altaalcarria.com\/shop\/index.php\/wp-json\/wp\/v2\/comments?post=83"}],"version-history":[{"count":12,"href":"https:\/\/altaalcarria.com\/shop\/index.php\/wp-json\/wp\/v2\/pages\/83\/revisions"}],"predecessor-version":[{"id":303,"href":"https:\/\/altaalcarria.com\/shop\/index.php\/wp-json\/wp\/v2\/pages\/83\/revisions\/303"}],"wp:attachment":[{"href":"https:\/\/altaalcarria.com\/shop\/index.php\/wp-json\/wp\/v2\/media?parent=83"}],"curies":[{"name":"wp","href":"https:\/\/api.w.org\/{rel}","templated":true}]}}