{"id":233,"date":"2025-07-01T17:07:06","date_gmt":"2025-07-01T17:07:06","guid":{"rendered":"https:\/\/altaalcarria.com\/shop\/?page_id=233"},"modified":"2025-07-01T17:07:06","modified_gmt":"2025-07-01T17:07:06","slug":"aviso-legal","status":"publish","type":"page","link":"https:\/\/altaalcarria.com\/shop\/index.php\/aviso-legal\/","title":{"rendered":"Aviso Legal"},"content":{"rendered":"\n<h1 class=\"wp-block-heading\">Aviso legal<\/h1>\n\n\n\n<h3 class=\"wp-block-heading\"><strong>1.Datos de la empresa<\/strong><\/h3>\n\n\n\n<p>En cumplimiento del art\u00edculo 10 de la Ley 34\/2002, de 11 de julio, de Servicios de la Sociedad de la Informaci\u00f3n y Comercio Electr\u00f3nico, a continuaci\u00f3n se exponen los datos identificativos de la empresa.<\/p>\n\n\n\n<p>Nombre: Alta Alcarria<\/p>\n\n\n\n<p>Denominaci\u00f3n Social: Cooperativa Alta Alcarria<\/p>\n\n\n\n<h3 class=\"wp-block-heading\">2.Propiedad Intelectual<\/h3>\n\n\n\n<p>El c\u00f3digo fuente, los dise\u00f1os gr\u00e1ficos, las im\u00e1genes, las fotograf\u00edas, los sonidos, las animaciones, el software, los textos, as\u00ed como la informaci\u00f3n y los contenidos que se recogen en&nbsp;<a href=\"http:\/\/www.altaalcarria.com\">http:\/\/www.altaalcarria.es<\/a>, est\u00e1n protegidos por la legislaci\u00f3n espa\u00f1ola sobre los derechos de propiedad intelectual e industrial a favor de Cooperativa Alta Alcarria y no se permite la reproducci\u00f3n y\/o publicaci\u00f3n, total o parcial, del sitio web, ni su tratamiento inform\u00e1tico, su distribuci\u00f3n, su difusi\u00f3n, ni su modificaci\u00f3n, transformaci\u00f3n o descompilaci\u00f3n, ni dem\u00e1s derechos reconocidos legalmente a su titular, sin el permiso previo y por escrito del mismo, Cooperativa Alta Alcarria.<\/p>\n\n\n\n<p>El usuario, \u00fanica y exclusivamente, puede utilizar el material que aparezca en este sitio web para su uso personal y privado, quedando prohibido su uso con fines comerciales o para incurrir en actividades il\u00edcitas. Todos los derechos derivados de la propiedad intelectual est\u00e1n expresamente reservados por Cooperativa Alta Alcarria<\/p>\n\n\n\n<p>Cooperativa Alta Alcarria velar\u00e1 por el cumplimiento de las anteriores condiciones como por la debida utilizaci\u00f3n de los contenidos presentados en sus p\u00e1ginas web, ejercitando todas las acciones civiles y penales que le correspondan en el caso de infracci\u00f3n o incumplimiento de estos derechos por parte del usuario.<\/p>\n\n\n\n<h3 class=\"wp-block-heading\">3.Protecci\u00f3n de datos de car\u00e1cter personal<\/h3>\n\n\n\n<p>En el marco del cumplimiento de la legislaci\u00f3n vigente, recogida en la Ley Org\u00e1nica 15\/1999, de 13 de diciembre, sobre protecci\u00f3n de Datos de Car\u00e1cter Personal (LOPD), cuyo objeto es garantizar y proteger, en lo que concierne al tratamiento de los datos personales, las libertades y derechos fundamentales de las personas f\u00edsicas, y especialmente de su honor e intimidad personal, Cooperativa Alta Alcarria informa a los usuarios de que:<\/p>\n\n\n\n<p>Cooperativa Alta Alcarria ha adoptado las medidas t\u00e9cnicas y organizativas conforme a lo dispuesto en la normativa vigente.<\/p>\n\n\n\n<p>Los Datos de Car\u00e1cter Personal que recoge Cooperativa Alta Alcarria son objeto de tratamiento automatizado y se incorporan en los ficheros denominados \u201cContacto y Seguimiento de Clientes\u201d y \u201cGesti\u00f3n econ\u00f3mica de los servicios\u201d debidamente registrados en la Agencia de Protecci\u00f3n de Datos, cuya titularidad corresponde a Cooperativa Alta Alcarria.<\/p>\n\n\n\n<p>La recogida y tratamiento automatizado de los Datos de Car\u00e1cter Personal tiene como finalidad el mantenimiento de la relaci\u00f3n contractual que en su caso se establezca con Cooperativa Alta Alcarria , as\u00ed como el desempe\u00f1o de las tareas de informaci\u00f3n, formaci\u00f3n, comercializaci\u00f3n (tarea esta \u00faltima siempre identificada como tal) y otras actividades propias de la empresa.<\/p>\n\n\n\n<p>Cooperativa Alta Alcarria ha adoptado los niveles de seguridad adecuados a los datos que se facilitan y, adem\u00e1s, se han instalado todos los medios y medidas t\u00e9cnicas a su alcance para evitar la p\u00e9rdida, mal uso, alteraci\u00f3n, acceso no autorizado y robo de los datos que nos facilitan.<\/p>\n\n\n\n<p>El usuario podr\u00e1, en todo momento, ejercitar los derechos reconocidos en la LOPD, de acceso, rectificaci\u00f3n, cancelaci\u00f3n y oposici\u00f3n. El ejercicio de estos derechos puede realizarlo el propio usuario.<\/p>\n\n\n\n<h3 class=\"wp-block-heading\">4.varios<\/h3>\n\n\n\n<p><strong>A<\/strong>&nbsp;.- Cooperativa Alta Alcarria utiliza cookies que se quedar\u00e1n almacenadas en el ordenador. Las cookies son peque\u00f1os archivos que nuestro ordenador env\u00eda al suyo, pero que no nos proporcionan informaci\u00f3n ni sobre su nombre, ni sobre cualquier dato de car\u00e1cter personal suyo. Las cookies que utilizamos no pueden leer datos de su ordenador ni leer las cookies que existan en su ordenador. Cuando el usuario se encuentre navegando por las p\u00e1ginas web de Cooperativa Alta Alcarria el servidor donde se encuentra alojada reconoce autom\u00e1ticamente la direcci\u00f3n IP de su ordenador, el d\u00eda y la hora en la que comienza la visita, en la que abandona la visita, as\u00ed como informaci\u00f3n sobre las distintas secciones consultadas. Es necesario que el servidor conozca estos datos para poder comunicarse y enviarle la petici\u00f3n realizada y que a trav\u00e9s del navegador se pueda ver en la pantalla.<\/p>\n\n\n\n<p>Si usted lo desea puede configurar su navegador de manera que le avise en la pantalla si va a recibir una cookie. El usuario puede configurar su ordenador de manera que no reciba estas cookies, este hecho no impedir\u00e1 que se pueda acceder a la informaci\u00f3n del sitio web www.Cooperativa Alta Alcarria.es<\/p>\n\n\n\n<p><strong>B<\/strong>&nbsp;.- Cooperativa Alta Alcarria podr\u00e1 modificar, sin previo aviso, la informaci\u00f3n contenida en su sitio web, as\u00ed como su configuraci\u00f3n y presentaci\u00f3n.<\/p>\n\n\n\n<p><strong>C<\/strong>&nbsp;.- Cooperativa Alta Alcarria se compromete a trav\u00e9s de este medio a&nbsp;<strong>NO REALIZAR PUBLICIDAD ENGA\u00d1OSA<\/strong>.<\/p>\n\n\n\n<p>A estos efectos, por lo tanto, no ser\u00e1n considerados como publicidad enga\u00f1osa los errores formales o num\u00e9ricos que puedan encontrarse a lo largo del contenido de las distintas secciones de la web de Cooperativa Alta Alcarria , producidos como consecuencia de un mantenimiento y\/o actualizaci\u00f3n incompleta o defectuosa de la informaci\u00f3n contenida es estas secciones. Cooperativa Alta Alcarria, como consecuencia de lo dispuesto en este apartado, se compromete a corregirlo tan pronto como tenga conocimiento de dichos errores.<\/p>\n\n\n\n<p><strong>D<\/strong>&nbsp;.- Cooperativa Alta Alcarria se compromete a&nbsp;<strong>NO REMITIR COMUNICACIONES COMERCIALES SIN IDENTIFICARLAS COMO TALES<\/strong>&nbsp;, conforme a lo dispuesto en la Ley 34\/2002 de Servicios de la Sociedad de la Informaci\u00f3n y de comercio electr\u00f3nico.<\/p>\n\n\n\n<p>A estos efectos no ser\u00e1 considerado como comunicaci\u00f3n comercial toda la informaci\u00f3n que se env\u00ede A LOS CLIENTES de Cooperativa Alta Alcarria siempre que tenga por finalidad el mantenimiento de la relaci\u00f3n contractual existente entre cliente y Cooperativa Alta Alcarria , as\u00ed como el desempe\u00f1o de las tareas de informaci\u00f3n, formaci\u00f3n y otras actividades propias del servicio que el cliente tiene contratado con la empresa.<\/p>\n\n\n\n<p><strong>E<\/strong>&nbsp;.- Cooperativa Alta Alcarria no se hace responsable del incumplimiento de cualquier norma aplicable en que pueda incurrir el usuario en su acceso al sitio web&nbsp;<a href=\"http:\/\/www.altaalcarria.com\">http:\/\/www.altaalcarria.es<\/a>&nbsp;y\/o en el uso de las informaciones contenidas en el mismo.<\/p>\n\n\n\n<p><strong>F<\/strong>&nbsp;.- Cooperativa Alta Alcarria no ser\u00e1 responsable de los da\u00f1os y perjuicios producidos o que puedan producirse, cualquiera que sea su naturaleza, que se deriven del uso de la informaci\u00f3n, de las materias contenidas en este web site y de los programas que incorpora. Los enlaces (Links) e hipertexto que posibiliten, a trav\u00e9s del sitio web<a href=\"http:\/\/www.altaalcarria.com\">http:\/\/www.altaalcarria.es<\/a>, acceder al usuario a prestaciones y servicios ofrecidos por terceros, no pertenecen ni se encuentran bajo el control de Cooperativa Alta Alcarria ; dicha entidad no se hace responsable ni de la informaci\u00f3n contenida en los mismos ni de cualesquiera efectos que pudieran derivarse de dicha informaci\u00f3n.<\/p>\n\n\n\n<p><strong>G<\/strong>&nbsp;.- Cooperativa Alta Alcarria no se hace responsable del uso ileg\u00edtimo que terceras personas puedan hacer de los nombres de marca, nombres de producto, marcas comerciales que, no siendo propiedad de dicha entidad, aparezcan en el Web-Site&nbsp;<a href=\"http:\/\/www.altaalcarria.com\">http:\/\/www.altaalcarria.es<\/a>. Tampoco se responsabiliza de la integridad, veracidad y licitud del contenido de los enlaces a las webs a las que pueda accederse desde&nbsp;<a href=\"http:\/\/www.altaalcarria.com\">http:\/\/www.altaalcarria.es<\/a>.<\/p>\n\n\n\n<p><strong>H<\/strong>&nbsp;.- Cooperativa Alta Alcarria no se responsabiliza de los virus que tengan su origen en una transmisi\u00f3n telem\u00e1tica infiltrados por terceras partes (por ejemplo, los macros de procesadores de texto, los applets de Java y los programas Active X), generados con la finalidad de obtener resultados negativos para un sistema inform\u00e1tico.<\/p>\n\n\n\n<p><strong>I<\/strong>&nbsp;.- En definitiva, el Usuario es el \u00fanico responsable del uso que realice de los servicios, contenidos, enlaces (links) e hipertexto incluidos en el sitio web&nbsp;<a href=\"http:\/\/www.altaalcarria.com\">http:\/\/www.altaalcarria.es<\/a><\/p>\n","protected":false},"excerpt":{"rendered":"<p>Aviso legal 1.Datos de la empresa En cumplimiento del art\u00edculo 10 de la Ley 34\/2002, de 11 de julio, de [&hellip;]<\/p>\n","protected":false},"author":1,"featured_media":0,"parent":0,"menu_order":0,"comment_status":"closed","ping_status":"closed","template":"","meta":{"site-sidebar-layout":"default","site-content-layout":"","ast-site-content-layout":"default","site-content-style":"default","site-sidebar-style":"default","ast-global-header-display":"","ast-banner-title-visibility":"","ast-main-header-display":"","ast-hfb-above-header-display":"","ast-hfb-below-header-display":"","ast-hfb-mobile-header-display":"","site-post-title":"","ast-breadcrumbs-content":"","ast-featured-img":"","footer-sml-layout":"","ast-disable-related-posts":"","theme-transparent-header-meta":"","adv-header-id-meta":"","stick-header-meta":"","header-above-stick-meta":"","header-main-stick-meta":"","header-below-stick-meta":"","astra-migrate-meta-layouts":"default","ast-page-background-enabled":"default","ast-page-background-meta":{"desktop":{"background-color":"var(--ast-global-color-5)","background-image":"","background-repeat":"repeat","background-position":"center center","background-size":"auto","background-attachment":"scroll","background-type":"","background-media":"","overlay-type":"","overlay-color":"","overlay-opacity":"","overlay-gradient":""},"tablet":{"background-color":"","background-image":"","background-repeat":"repeat","background-position":"center center","background-size":"auto","background-attachment":"scroll","background-type":"","background-media":"","overlay-type":"","overlay-color":"","overlay-opacity":"","overlay-gradient":""},"mobile":{"background-color":"","background-image":"","background-repeat":"repeat","background-position":"center center","background-size":"auto","background-attachment":"scroll","background-type":"","background-media":"","overlay-type":"","overlay-color":"","overlay-opacity":"","overlay-gradient":""}},"ast-content-background-meta":{"desktop":{"background-color":"var(--ast-global-color-4)","background-image":"","background-repeat":"repeat","background-position":"center center","background-size":"auto","background-attachment":"scroll","background-type":"","background-media":"","overlay-type":"","overlay-color":"","overlay-opacity":"","overlay-gradient":""},"tablet":{"background-color":"var(--ast-global-color-4)","background-image":"","background-repeat":"repeat","background-position":"center center","background-size":"auto","background-attachment":"scroll","background-type":"","background-media":"","overlay-type":"","overlay-color":"","overlay-opacity":"","overlay-gradient":""},"mobile":{"background-color":"var(--ast-global-color-4)","background-image":"","background-repeat":"repeat","background-position":"center center","background-size":"auto","background-attachment":"scroll","background-type":"","background-media":"","overlay-type":"","overlay-color":"","overlay-opacity":"","overlay-gradient":""}},"footnotes":""},"class_list":["post-233","page","type-page","status-publish","hentry"],"jetpack_sharing_enabled":true,"_links":{"self":[{"href":"https:\/\/altaalcarria.com\/shop\/index.php\/wp-json\/wp\/v2\/pages\/233","targetHints":{"allow":["GET"]}}],"collection":[{"href":"https:\/\/altaalcarria.com\/shop\/index.php\/wp-json\/wp\/v2\/pages"}],"about":[{"href":"https:\/\/altaalcarria.com\/shop\/index.php\/wp-json\/wp\/v2\/types\/page"}],"author":[{"embeddable":true,"href":"https:\/\/altaalcarria.com\/shop\/index.php\/wp-json\/wp\/v2\/users\/1"}],"replies":[{"embeddable":true,"href":"https:\/\/altaalcarria.com\/shop\/index.php\/wp-json\/wp\/v2\/comments?post=233"}],"version-history":[{"count":1,"href":"https:\/\/altaalcarria.com\/shop\/index.php\/wp-json\/wp\/v2\/pages\/233\/revisions"}],"predecessor-version":[{"id":234,"href":"https:\/\/altaalcarria.com\/shop\/index.php\/wp-json\/wp\/v2\/pages\/233\/revisions\/234"}],"wp:attachment":[{"href":"https:\/\/altaalcarria.com\/shop\/index.php\/wp-json\/wp\/v2\/media?parent=233"}],"curies":[{"name":"wp","href":"https:\/\/api.w.org\/{rel}","templated":true}]}}